{"id":183,"date":"2012-11-22T08:53:21","date_gmt":"2012-11-22T07:53:21","guid":{"rendered":"http:\/\/domagoj-sajter.from.hr\/?page_id=183"},"modified":"2012-11-30T22:16:33","modified_gmt":"2012-11-30T21:16:33","slug":"konzultacije","status":"publish","type":"page","link":"http:\/\/domagoj-sajter.from.hr\/?page_id=183","title":{"rendered":"Konzultacije"},"content":{"rendered":"<p><em><strong>Termini konzultacija za studente:<\/strong><\/em><\/p>\n<p>Svaki radni dan prije podne, osim u vrijeme nastave, ispita i kolokvija.<br \/>\nU popodnevnim terminima isklju\u010divo po prethodnom dogovoru.<br \/>\nTermin za konzultacije koji vam odgovara najavite e-mailom na sajter |a| efos.hr.<\/p>\n<p>&nbsp;<\/p>\n<p><strong><em>Konzultacije za studente koji nisu iz Osijeka:<\/em><\/strong><br \/>\n&#8230;mogu\u0107e je odr\u017eavati i putem Skype-a, po prethodnom dogovoru<br \/>\n(sajter |a| efos.hr).<\/p>\n<p>&nbsp;<\/p>\n<p><em><strong>E-mail za konzultacije mo\u017eete poslati i mobitelom:<\/strong><\/em><\/p>\n<ul>\n<li><strong>T-mobile (098)<\/strong> korisnici po\u0161aljite obi\u010dnu SMS poruku sljede\u0107eg sadr\u017eaja na broj<br \/>\n100:<br \/>\n<span style=\"color: #008080\">sajter@vip.hr##Konzultacije#Zovem se <em>ime_prezime<\/em> (<em>e-mail<\/em>) i predlazem konzultacije <em>datum<\/em> u <\/span><em><span style=\"color: #008080\">vrijeme<\/span><br \/>\n<\/em>npr.:<br \/>\nsajter@vip.hr##Konzultacije#Zovem se Ivo Ivic (ivic123@gmail.com) i predlazem konzultacije 31.11. u 13:00<em><br \/>\n<\/em><\/li>\n<li>QR kod:<\/li>\n<\/ul>\n<figure id=\"attachment_189\" aria-describedby=\"caption-attachment-189\" style=\"width: 290px\" class=\"wp-caption aligncenter\"><a href=\"http:\/\/domagoj-sajter.from.hr\/files\/2012\/11\/QR_ht.jpg\"><img loading=\"lazy\" class=\"size-full wp-image-189\" src=\"http:\/\/domagoj-sajter.from.hr\/files\/2012\/11\/QR_ht.jpg\" alt=\"QR kod za slanje SMS-a preko HT-a\" width=\"290\" height=\"290\" srcset=\"http:\/\/domagoj-sajter.from.hr\/files\/2012\/11\/QR_ht.jpg 290w, http:\/\/domagoj-sajter.from.hr\/files\/2012\/11\/QR_ht-150x150.jpg 150w\" sizes=\"(max-width: 290px) 100vw, 290px\" \/><\/a><figcaption id=\"caption-attachment-189\" class=\"wp-caption-text\">QR kod za slanje SMS-a na HT mre\u017ei<\/figcaption><\/figure>\n<p>&nbsp;<\/p>\n<ul>\n<li><strong>VIP (091)<\/strong> korisnici: po\u0161aljite obi\u010dnu SMS poruku sljede\u0107eg sadr\u017eaja na broj<br \/>\n09171010:<br \/>\n<span style=\"color: #008080\">sajter@vip.hr:Konzultacije:Zovem se <em>ime_prezime<\/em> (<em>e-mail<\/em>) i predlazem konzultacije <em>datum<\/em> u <em>vrijeme<\/em><\/span><br \/>\nnpr.:<br \/>\nsajter@vip.hr:Konzultacije:Zovem se Ivo Ivic (ivic123@gmail.com) i predlazem konzultacije 31.11. u 13:00<\/li>\n<li>QR kod:<\/li>\n<\/ul>\n<figure id=\"attachment_190\" aria-describedby=\"caption-attachment-190\" style=\"width: 290px\" class=\"wp-caption aligncenter\"><a href=\"http:\/\/domagoj-sajter.from.hr\/files\/2012\/11\/QR_vip.jpg\"><img loading=\"lazy\" class=\"size-full wp-image-190\" src=\"http:\/\/domagoj-sajter.from.hr\/files\/2012\/11\/QR_vip.jpg\" alt=\"QR kod za slanje SMS-a preko VIP-a\" width=\"290\" height=\"290\" srcset=\"http:\/\/domagoj-sajter.from.hr\/files\/2012\/11\/QR_vip.jpg 290w, http:\/\/domagoj-sajter.from.hr\/files\/2012\/11\/QR_vip-150x150.jpg 150w\" sizes=\"(max-width: 290px) 100vw, 290px\" \/><\/a><figcaption id=\"caption-attachment-190\" class=\"wp-caption-text\">QR kod za slanje SMS-a na VIP mre\u017ei<\/figcaption><\/figure>\n<p>&nbsp;<\/p>\n<ul>\n<li>(ostali operateri zasad ne nude uslugu slanja SMS-a na mail adresu)<\/li>\n<\/ul>\n","protected":false},"excerpt":{"rendered":"<p>Termini konzultacija za studente: Svaki radni dan prije podne, osim u vrijeme nastave, ispita i kolokvija. U popodnevnim terminima isklju\u010divo po prethodnom dogovoru. Termin za konzultacije koji vam odgovara najavite e-mailom na sajter |a| efos.hr. &nbsp; Konzultacije za studente koji nisu iz Osijeka: &#8230;mogu\u0107e je odr\u017eavati i putem Skype-a, po prethodnom dogovoru (sajter |a| efos.hr). &hellip; <a href=\"http:\/\/domagoj-sajter.from.hr\/?page_id=183\" class=\"more-link\">Nastavi \u010ditati <span class=\"screen-reader-text\">Konzultacije<\/span><\/a><\/p>\n","protected":false},"author":171,"featured_media":0,"parent":18,"menu_order":0,"comment_status":"open","ping_status":"open","template":"","meta":{"ngg_post_thumbnail":0},"yoast_head":"<!-- This site is optimized with the Yoast SEO plugin v17.5 - https:\/\/yoast.com\/wordpress\/plugins\/seo\/ -->\n<title>Konzultacije - Domagoj Sajter<\/title>\n<meta name=\"robots\" content=\"index, follow, max-snippet:-1, max-image-preview:large, max-video-preview:-1\" \/>\n<link rel=\"canonical\" href=\"https:\/\/domagoj-sajter.from.hr\/?page_id=183\" \/>\n<meta property=\"og:locale\" content=\"hr_HR\" \/>\n<meta property=\"og:type\" content=\"article\" \/>\n<meta property=\"og:title\" content=\"Konzultacije - Domagoj Sajter\" \/>\n<meta property=\"og:description\" content=\"Termini konzultacija za studente: Svaki radni dan prije podne, osim u vrijeme nastave, ispita i kolokvija. U popodnevnim terminima isklju\u010divo po prethodnom dogovoru. Termin za konzultacije koji vam odgovara najavite e-mailom na sajter |a| efos.hr. &nbsp; Konzultacije za studente koji nisu iz Osijeka: &#8230;mogu\u0107e je odr\u017eavati i putem Skype-a, po prethodnom dogovoru (sajter |a| efos.hr). &hellip; Nastavi \u010ditati Konzultacije\" \/>\n<meta property=\"og:url\" content=\"https:\/\/domagoj-sajter.from.hr\/?page_id=183\" \/>\n<meta property=\"og:site_name\" content=\"Domagoj Sajter\" \/>\n<meta property=\"article:publisher\" content=\"https:\/\/www.facebook.com\/financije.1\" \/>\n<meta property=\"article:modified_time\" content=\"2012-11-30T21:16:33+00:00\" \/>\n<meta property=\"og:image\" content=\"http:\/\/domagoj-sajter.from.hr\/files\/2012\/11\/QR_ht.jpg\" \/>\n<meta name=\"twitter:card\" content=\"summary\" \/>\n<meta name=\"twitter:label1\" content=\"Procijenjeno vrijeme \u010ditanja\" \/>\n\t<meta name=\"twitter:data1\" content=\"1 minuta\" \/>\n<script type=\"application\/ld+json\" class=\"yoast-schema-graph\">{\"@context\":\"https:\/\/schema.org\",\"@graph\":[{\"@type\":\"WebSite\",\"@id\":\"https:\/\/domagoj-sajter.from.hr\/#website\",\"url\":\"https:\/\/domagoj-sajter.from.hr\/\",\"name\":\"Domagoj Sajter\",\"description\":\"osobne stranice\",\"potentialAction\":[{\"@type\":\"SearchAction\",\"target\":{\"@type\":\"EntryPoint\",\"urlTemplate\":\"https:\/\/domagoj-sajter.from.hr\/?s={search_term_string}\"},\"query-input\":\"required name=search_term_string\"}],\"inLanguage\":\"hr\"},{\"@type\":\"ImageObject\",\"@id\":\"https:\/\/domagoj-sajter.from.hr\/?page_id=183#primaryimage\",\"inLanguage\":\"hr\",\"url\":\"http:\/\/domagoj-sajter.from.hr\/files\/2012\/11\/QR_ht.jpg\",\"contentUrl\":\"http:\/\/domagoj-sajter.from.hr\/files\/2012\/11\/QR_ht.jpg\"},{\"@type\":\"WebPage\",\"@id\":\"https:\/\/domagoj-sajter.from.hr\/?page_id=183#webpage\",\"url\":\"https:\/\/domagoj-sajter.from.hr\/?page_id=183\",\"name\":\"Konzultacije - Domagoj Sajter\",\"isPartOf\":{\"@id\":\"https:\/\/domagoj-sajter.from.hr\/#website\"},\"primaryImageOfPage\":{\"@id\":\"https:\/\/domagoj-sajter.from.hr\/?page_id=183#primaryimage\"},\"datePublished\":\"2012-11-22T07:53:21+00:00\",\"dateModified\":\"2012-11-30T21:16:33+00:00\",\"breadcrumb\":{\"@id\":\"https:\/\/domagoj-sajter.from.hr\/?page_id=183#breadcrumb\"},\"inLanguage\":\"hr\",\"potentialAction\":[{\"@type\":\"ReadAction\",\"target\":[\"https:\/\/domagoj-sajter.from.hr\/?page_id=183\"]}]},{\"@type\":\"BreadcrumbList\",\"@id\":\"https:\/\/domagoj-sajter.from.hr\/?page_id=183#breadcrumb\",\"itemListElement\":[{\"@type\":\"ListItem\",\"position\":1,\"name\":\"Home\",\"item\":\"https:\/\/domagoj-sajter.from.hr\/\"},{\"@type\":\"ListItem\",\"position\":2,\"name\":\"Nastava\",\"item\":\"https:\/\/domagoj-sajter.from.hr\/?page_id=18\"},{\"@type\":\"ListItem\",\"position\":3,\"name\":\"Konzultacije\"}]}]}<\/script>\n<!-- \/ Yoast SEO plugin. -->","yoast_head_json":{"title":"Konzultacije - Domagoj Sajter","robots":{"index":"index","follow":"follow","max-snippet":"max-snippet:-1","max-image-preview":"max-image-preview:large","max-video-preview":"max-video-preview:-1"},"canonical":"https:\/\/domagoj-sajter.from.hr\/?page_id=183","og_locale":"hr_HR","og_type":"article","og_title":"Konzultacije - Domagoj Sajter","og_description":"Termini konzultacija za studente: Svaki radni dan prije podne, osim u vrijeme nastave, ispita i kolokvija. U popodnevnim terminima isklju\u010divo po prethodnom dogovoru. Termin za konzultacije koji vam odgovara najavite e-mailom na sajter |a| efos.hr. &nbsp; Konzultacije za studente koji nisu iz Osijeka: &#8230;mogu\u0107e je odr\u017eavati i putem Skype-a, po prethodnom dogovoru (sajter |a| efos.hr). &hellip; Nastavi \u010ditati Konzultacije","og_url":"https:\/\/domagoj-sajter.from.hr\/?page_id=183","og_site_name":"Domagoj Sajter","article_publisher":"https:\/\/www.facebook.com\/financije.1","article_modified_time":"2012-11-30T21:16:33+00:00","og_image":[{"url":"http:\/\/domagoj-sajter.from.hr\/files\/2012\/11\/QR_ht.jpg"}],"twitter_card":"summary","twitter_misc":{"Procijenjeno vrijeme \u010ditanja":"1 minuta"},"schema":{"@context":"https:\/\/schema.org","@graph":[{"@type":"WebSite","@id":"https:\/\/domagoj-sajter.from.hr\/#website","url":"https:\/\/domagoj-sajter.from.hr\/","name":"Domagoj Sajter","description":"osobne stranice","potentialAction":[{"@type":"SearchAction","target":{"@type":"EntryPoint","urlTemplate":"https:\/\/domagoj-sajter.from.hr\/?s={search_term_string}"},"query-input":"required name=search_term_string"}],"inLanguage":"hr"},{"@type":"ImageObject","@id":"https:\/\/domagoj-sajter.from.hr\/?page_id=183#primaryimage","inLanguage":"hr","url":"http:\/\/domagoj-sajter.from.hr\/files\/2012\/11\/QR_ht.jpg","contentUrl":"http:\/\/domagoj-sajter.from.hr\/files\/2012\/11\/QR_ht.jpg"},{"@type":"WebPage","@id":"https:\/\/domagoj-sajter.from.hr\/?page_id=183#webpage","url":"https:\/\/domagoj-sajter.from.hr\/?page_id=183","name":"Konzultacije - Domagoj Sajter","isPartOf":{"@id":"https:\/\/domagoj-sajter.from.hr\/#website"},"primaryImageOfPage":{"@id":"https:\/\/domagoj-sajter.from.hr\/?page_id=183#primaryimage"},"datePublished":"2012-11-22T07:53:21+00:00","dateModified":"2012-11-30T21:16:33+00:00","breadcrumb":{"@id":"https:\/\/domagoj-sajter.from.hr\/?page_id=183#breadcrumb"},"inLanguage":"hr","potentialAction":[{"@type":"ReadAction","target":["https:\/\/domagoj-sajter.from.hr\/?page_id=183"]}]},{"@type":"BreadcrumbList","@id":"https:\/\/domagoj-sajter.from.hr\/?page_id=183#breadcrumb","itemListElement":[{"@type":"ListItem","position":1,"name":"Home","item":"https:\/\/domagoj-sajter.from.hr\/"},{"@type":"ListItem","position":2,"name":"Nastava","item":"https:\/\/domagoj-sajter.from.hr\/?page_id=18"},{"@type":"ListItem","position":3,"name":"Konzultacije"}]}]}},"_links":{"self":[{"href":"http:\/\/domagoj-sajter.from.hr\/index.php?rest_route=\/wp\/v2\/pages\/183"}],"collection":[{"href":"http:\/\/domagoj-sajter.from.hr\/index.php?rest_route=\/wp\/v2\/pages"}],"about":[{"href":"http:\/\/domagoj-sajter.from.hr\/index.php?rest_route=\/wp\/v2\/types\/page"}],"author":[{"embeddable":true,"href":"http:\/\/domagoj-sajter.from.hr\/index.php?rest_route=\/wp\/v2\/users\/171"}],"replies":[{"embeddable":true,"href":"http:\/\/domagoj-sajter.from.hr\/index.php?rest_route=%2Fwp%2Fv2%2Fcomments&post=183"}],"version-history":[{"count":5,"href":"http:\/\/domagoj-sajter.from.hr\/index.php?rest_route=\/wp\/v2\/pages\/183\/revisions"}],"predecessor-version":[{"id":269,"href":"http:\/\/domagoj-sajter.from.hr\/index.php?rest_route=\/wp\/v2\/pages\/183\/revisions\/269"}],"up":[{"embeddable":true,"href":"http:\/\/domagoj-sajter.from.hr\/index.php?rest_route=\/wp\/v2\/pages\/18"}],"wp:attachment":[{"href":"http:\/\/domagoj-sajter.from.hr\/index.php?rest_route=%2Fwp%2Fv2%2Fmedia&parent=183"}],"curies":[{"name":"wp","href":"https:\/\/api.w.org\/{rel}","templated":true}]}}